{"id":1157,"date":"2025-09-09T12:26:39","date_gmt":"2025-09-09T10:26:39","guid":{"rendered":"https:\/\/kjpp-kirchweg.de\/?page_id=1157"},"modified":"2026-02-06T18:13:28","modified_gmt":"2026-02-06T16:13:28","slug":"startseite","status":"publish","type":"page","link":"https:\/\/kjpp-kirchweg.de\/en\/","title":{"rendered":"Startseite"},"content":{"rendered":"<div class=\"wpb-content-wrapper\"><div data-vc-full-width=\"true\" data-vc-full-width-temp=\"true\" data-vc-full-width-init=\"false\" class=\"vc_row wpb_row vc_row-fluid\"><div class=\"wpb_column vc_column_container vc_col-sm-12 sc_layouts_column_icons_position_left\"><div class=\"vc_column-inner\"><div class=\"wpb_wrapper\"><div class=\"wpb_revslider_element wpb_content_element\">\n\t\t\t\t<p class=\"rs-p-wp-fix\"><\/p>\n\t\t\t\t<sr7-module data-alias=\"startseite\" data-id=\"7\" id=\"SR7_7_1\" class=\"rs-ov-hidden\" data-version=\"6.7.31\">\n\t\t\t\t\t<sr7-adjuster><\/sr7-adjuster>\n\t\t\t\t\t<sr7-content>\n\t\t\t\t\t\t<sr7-slide id=\"SR7_7_1-25\" data-key=\"25\">\n\t\t\t\t\t\t\t<sr7-bg id=\"SR7_7_1-25-4\" class=\"sr7-layer\"><noscript><img decoding=\"async\" src=\"https:\/\/kjpp-kirchweg.de\/wp-content\/uploads\/2025\/11\/KJPP-Slider-05-Empfang-scaled.jpg\" alt=\"KJPP Kirchweg Kassel Empfang\" title=\"KJPP-Slider-05-Empfang\"><\/noscript><\/sr7-bg>\n\t\t\t\t\t\t\t<sr7-txt id=\"cust-1\" class=\"sr7-layer\">Herzlich <strong>willkommen<\/strong><\/sr7-txt>\n\t\t\t\t\t\t\t<sr7-txt id=\"SR7_7_1-25-2\" class=\"sr7-layer\">Praxis f\u00fcr Kinder- und Jugendpsychiatrie in Kassel <\/sr7-txt>\n\t\t\t\t\t\t\t<a id=\"SR7_7_1-25-3\" class=\"sr7-layer\" href=\"https:\/\/kjpp-kirchweg.de\/#aktuelles\" target=\"_self\">Aktuelles<\/a>\n\t\t\t\t\t\t<\/sr7-slide>\n\t\t\t\t\t\t<sr7-slide id=\"SR7_7_1-28\" data-key=\"28\">\n\t\t\t\t\t\t<\/sr7-slide>\n\t\t\t\t\t<\/sr7-content>\n\t\t\t\t\t<image_lists style=\"display:none\">\n\t\t\t\t\t\t<img data-src=\"\/\/kjpp-kirchweg.de\/wp-content\/uploads\/2025\/11\/KJPP-Slider-05-Empfang-scaled.jpg\" data-libid=\"1422\" data-lib=\"medialibrary\" alt=\"KJPP Kirchweg Kassel Empfang\" title=\"KJPP-Slider-05-Empfang\" width=\"0\" height=\"0\" data-dbsrc=\"Ly9ranBwLWtpcmNod2VnLmRlL3dwLWNvbnRlbnQvdXBsb2Fkcy8yMDI1LzExL0tKUFAtU2xpZGVyLTA1LUVtcGZhbmctc2NhbGVkLmpwZw==\"\/>\n\t\t\t\t\t<\/image_lists>\n\t\t\t\t<\/sr7-module>\n\t\t\t\t<script>\n\t\t\t\t\tSR7.PMH ??={}; SR7.PMH[\"SR7_7_1\"] = {cn:100,state:false,fn: function() { if (_tpt!==undefined && _tpt.prepareModuleHeight !== undefined) {  _tpt.prepareModuleHeight({id:\"SR7_7_1\",el:[763,763,768,960,720],type:'standard',shdw:'0',gh:[763,763,630,479,296],gw:[1240,1240,1024,778,480],vpt:['-200px'],size:{fullWidth:true, fullHeight:false},mh:'0',onh:0,onw:0,bg:{color:'{\"orig\":\"transparent\",\"type\":\"solid\",\"string\":\"transparent\"}'}});   SR7.PMH[\"SR7_7_1\"].state=true;} else if(SR7.PMH[\"SR7_7_1\"].cn-->0)\tsetTimeout( SR7.PMH[\"SR7_7_1\"].fn,19);}};SR7.PMH[\"SR7_7_1\" ].fn();\n\t\t\t\t<\/script>\n<\/div><\/div><\/div><\/div><\/div><div class=\"vc_row-full-width vc_clearfix\"><\/div><div id=\"aktuelles\" class=\"vc_row wpb_row vc_row-fluid vc_custom_1765529292611\"><div class=\"wpb_column vc_column_container vc_col-sm-2 sc_layouts_column_icons_position_left\"><div class=\"vc_column-inner\"><div class=\"wpb_wrapper\"><\/div><\/div><\/div><div class=\"wpb_column vc_column_container vc_col-sm-8 sc_layouts_column_icons_position_left\"><div class=\"vc_column-inner\"><div class=\"wpb_wrapper\"><div id=\"sc_content_477962980\"\r\n\t\tclass=\"sc_content color_style_default sc_content_default sc_float_center sc_align_left sc_padding_small dashed_banner dashed_banner_donation  vc_custom_1586945493665\"><div class=\"sc_content_container\">\n\t<div class=\"wpb_text_column wpb_content_element\" >\n\t\t<div class=\"wpb_wrapper\">\n\t\t\t<p><span class=\"verticaltitle\">Bitte beachten<\/span><span class=\"verticalsubtitle\">Aktuelles<\/span><\/p>\n\n\t\t<\/div>\n\t<\/div>\n<div class=\"vc_row wpb_row vc_inner vc_row-fluid\"><div class=\"wpb_column vc_column_container vc_col-sm-12 sc_layouts_column_icons_position_left\"><div class=\"vc_column-inner\"><div class=\"wpb_wrapper\">\n\t<div class=\"wpb_text_column wpb_content_element\" >\n\t\t<div class=\"wpb_wrapper\">\n\t\t\t<p>Wir nehmen zurzeit keine neuen Patienten an.<br \/>\nBitte informieren Sie sich auf unserer Webseite, wann dies wieder m\u00f6glich ist.<\/p>\n\n\t\t<\/div>\n\t<\/div>\n<\/div><\/div><\/div><\/div><\/div><\/div><!-- \/.sc_content --><\/div><\/div><\/div><div class=\"wpb_column vc_column_container vc_col-sm-2 sc_layouts_column_icons_position_left\"><div class=\"vc_column-inner\"><div class=\"wpb_wrapper\"><\/div><\/div><\/div><\/div><div class=\"vc_row wpb_row vc_row-fluid\"><div class=\"wpb_column vc_column_container vc_col-sm-12 sc_layouts_column_icons_position_left\"><div class=\"vc_column-inner\"><div class=\"wpb_wrapper\"><div class=\"vc_empty_space  vc_custom_1511181660331 height_small\"   style=\"height: 32px\"><span class=\"vc_empty_space_inner\"><\/span><\/div><div class=\"vc_empty_space  vc_custom_1511181660331 height_small\"   style=\"height: 32px\"><span class=\"vc_empty_space_inner\"><\/span><\/div><\/div><\/div><\/div><div class=\"wpb_column vc_column_container vc_col-sm-12 sc_layouts_column_icons_position_left\"><div class=\"vc_column-inner\"><div class=\"wpb_wrapper\"><div id=\"sc_title_957372931\"\r\n\t\tclass=\"sc_title color_style_default sc_title_default\"><h6 class=\"sc_item_subtitle sc_title_subtitle sc_align_center sc_item_title_style_default\">\u00dcber uns<\/h6><h3 class=\"sc_item_title sc_title_title sc_align_center sc_item_title_style_default\">Willkommen<\/h3><\/div><!-- \/.sc_title --><div class=\"vc_empty_space  height_medium\"   style=\"height: 32px\"><span class=\"vc_empty_space_inner\"><\/span><\/div><div class=\"vc_row wpb_row vc_inner vc_row-fluid\"><div class=\"wpb_column vc_column_container vc_col-sm-12 sc_layouts_column_icons_position_left\"><div class=\"vc_column-inner\"><div class=\"wpb_wrapper\">\n\t<div class=\"wpb_text_column wpb_content_element\" >\n\t\t<div class=\"wpb_wrapper\">\n\t\t\t<p class=\"p1\">Herzlich willkommen in unserer Praxis f\u00fcr Kinder- und Jugendpsychiatrie Dres. Berlin und Nonn in der Wilhelmsh\u00f6her Allee 122 in Kassel. Unser multidisziplin\u00e4res Behandlungsteam besteht aus 2 Fach\u00e4rztinnen f\u00fcr <span class=\"s1\"><b>Kinder- und Jugendpsychiatrie<\/b><\/span>,\u00a0<span class=\"s1\"><b>Psychotherapie (Verhaltenstherapie und Tiefenpsychologisch fundierte Psychotherapie), Therapeutinnen und P<\/b><\/span><strong>raxisorganisatorinnen.<\/strong><\/p>\n<p class=\"p1\">Unser Ziel ist die leitlinienorientierte, interdisziplin\u00e4re Diagnostik und Behandlung von psychischen St\u00f6rungen bei Kindern und Jugendlichen bis zum vollendeten 21. Lebensjahr. Die Patient:innen, deren Familien und Bezugspersonen stehen im Mittelpunkt unserer Beratung und Behandlung.<b><\/b><\/p>\n\n\t\t<\/div>\n\t<\/div>\n<div class=\"vc_empty_space  vc_custom_1511181818370 height_large\"   style=\"height: 32px\"><span class=\"vc_empty_space_inner\"><\/span><\/div><\/div><\/div><\/div><\/div><\/div><\/div><\/div><\/div><div class=\"vc_row wpb_row vc_row-fluid equal-btns-4\"><div class=\"wpb_column vc_column_container vc_col-sm-3 vc_col-has-fill sc_layouts_column_icons_position_left\"><div class=\"vc_column-inner vc_custom_1757775200443\"><div class=\"wpb_wrapper\"><div class=\"sc_item_button sc_button_wrap sc_align_center\"><a href=\"\/unsere-leistungen\/\" id=\"sc_button_72181092\" class=\"sc_button color_style_link2 sc_button_default  vc_custom_1757771958699 sc_button_size_normal sc_button_with_icon sc_button_icon_left\"><span class=\"sc_button_icon\"><span class=\"icon-double-right\"><\/span><\/span><span class=\"sc_button_text sc_align_center\"><span class=\"sc_button_title\">Unsere Leistungen<\/span><\/span><!-- \/.sc_button_text --><\/a><!-- \/.sc_button --><\/div><!-- \/.sc_item_button --><div class=\"vc_empty_space  height_tiny\"   style=\"height: 32px\"><span class=\"vc_empty_space_inner\"><\/span><\/div><\/div><\/div><\/div><div class=\"wpb_column vc_column_container vc_col-sm-3 vc_col-has-fill sc_layouts_column_icons_position_left\"><div class=\"vc_column-inner vc_custom_1757775208340\"><div class=\"wpb_wrapper\"><div class=\"sc_item_button sc_button_wrap sc_align_center\"><a href=\"\/unser-team\/\" id=\"sc_button_1191709571\" class=\"sc_button color_style_link2 sc_button_default  vc_custom_1757775842936 sc_button_size_normal sc_button_with_icon sc_button_icon_left\"><span class=\"sc_button_icon\"><span class=\"icon-double-right\"><\/span><\/span><span class=\"sc_button_text sc_align_center\"><span class=\"sc_button_title\">Unser Team<\/span><\/span><!-- \/.sc_button_text --><\/a><!-- \/.sc_button --><\/div><!-- \/.sc_item_button --><div class=\"vc_empty_space  height_tiny\"   style=\"height: 32px\"><span class=\"vc_empty_space_inner\"><\/span><\/div><\/div><\/div><\/div><div class=\"wpb_column vc_column_container vc_col-sm-3 vc_col-has-fill sc_layouts_column_icons_position_left\"><div class=\"vc_column-inner vc_custom_1757775218704\"><div class=\"wpb_wrapper\"><div class=\"sc_item_button sc_button_wrap sc_align_center\"><a href=\"\/wichtige-informationen\/\" id=\"sc_button_633727206\" class=\"sc_button color_style_link2 sc_button_default sc_button_size_normal sc_button_with_icon sc_button_icon_left\"><span class=\"sc_button_icon\"><span class=\"icon-double-right\"><\/span><\/span><span class=\"sc_button_text sc_align_center\"><span class=\"sc_button_title\">Ihr Besuch bei uns<\/span><\/span><!-- \/.sc_button_text --><\/a><!-- \/.sc_button --><\/div><!-- \/.sc_item_button --><div class=\"vc_empty_space  height_tiny\"   style=\"height: 32px\"><span class=\"vc_empty_space_inner\"><\/span><\/div><\/div><\/div><\/div><div class=\"wpb_column vc_column_container vc_col-sm-3 vc_col-has-fill sc_layouts_column_icons_position_left\"><div class=\"vc_column-inner vc_custom_1757775229901\"><div class=\"wpb_wrapper\"><div class=\"sc_item_button sc_button_wrap sc_align_center\"><a href=\"\/downloads\/\" id=\"sc_button_1875930021\" class=\"sc_button color_style_link2 sc_button_default sc_button_size_normal sc_button_with_icon sc_button_icon_left\"><span class=\"sc_button_icon\"><span class=\"icon-double-right\"><\/span><\/span><span class=\"sc_button_text sc_align_center\"><span class=\"sc_button_title\">Downloads<\/span><\/span><!-- \/.sc_button_text --><\/a><!-- \/.sc_button --><\/div><!-- \/.sc_item_button --><div class=\"vc_empty_space  height_tiny\"   style=\"height: 32px\"><span class=\"vc_empty_space_inner\"><\/span><\/div><\/div><\/div><\/div><\/div><div class=\"vc_row wpb_row vc_row-fluid\"><div class=\"wpb_column vc_column_container vc_col-sm-12 sc_layouts_column_icons_position_left\"><div class=\"vc_column-inner\"><div class=\"wpb_wrapper\"><div class=\"vc_empty_space  height_medium\"   style=\"height: 32px\"><span class=\"vc_empty_space_inner\"><\/span><\/div><\/div><\/div><\/div><\/div>\n<\/div>","protected":false},"excerpt":{"rendered":"Herzlich willkommen Praxis f\u00fcr Kinder- und Jugendpsychiatrie in Kassel Aktuelles Bitte beachtenAktuelles Wir nehmen zurzeit keine neuen Patienten an. Bitte informieren Sie sich auf unserer Webseite, wann dies wieder m\u00f6glich ist. \u00dcber unsWillkommen Herzlich willkommen in unserer Praxis f\u00fcr Kinder-&hellip;","protected":false},"author":1,"featured_media":0,"parent":0,"menu_order":0,"comment_status":"closed","ping_status":"closed","template":"","meta":{"footnotes":""},"class_list":["post-1157","page","type-page","status-publish","hentry"],"_links":{"self":[{"href":"https:\/\/kjpp-kirchweg.de\/en\/wp-json\/wp\/v2\/pages\/1157","targetHints":{"allow":["GET"]}}],"collection":[{"href":"https:\/\/kjpp-kirchweg.de\/en\/wp-json\/wp\/v2\/pages"}],"about":[{"href":"https:\/\/kjpp-kirchweg.de\/en\/wp-json\/wp\/v2\/types\/page"}],"author":[{"embeddable":true,"href":"https:\/\/kjpp-kirchweg.de\/en\/wp-json\/wp\/v2\/users\/1"}],"replies":[{"embeddable":true,"href":"https:\/\/kjpp-kirchweg.de\/en\/wp-json\/wp\/v2\/comments?post=1157"}],"version-history":[{"count":55,"href":"https:\/\/kjpp-kirchweg.de\/en\/wp-json\/wp\/v2\/pages\/1157\/revisions"}],"predecessor-version":[{"id":1640,"href":"https:\/\/kjpp-kirchweg.de\/en\/wp-json\/wp\/v2\/pages\/1157\/revisions\/1640"}],"wp:attachment":[{"href":"https:\/\/kjpp-kirchweg.de\/en\/wp-json\/wp\/v2\/media?parent=1157"}],"curies":[{"name":"wp","href":"https:\/\/api.w.org\/{rel}","templated":true}]}}