{"id":1545,"date":"2025-12-21T23:01:58","date_gmt":"2025-12-21T21:01:58","guid":{"rendered":"https:\/\/kjpp-kirchweg.de\/?page_id=1545"},"modified":"2026-04-27T14:36:03","modified_gmt":"2026-04-27T12:36:03","slug":"impressum","status":"publish","type":"page","link":"https:\/\/kjpp-kirchweg.de\/en\/impressum\/","title":{"rendered":"Legal Notice"},"content":{"rendered":"<div class=\"wpb-content-wrapper\"><div class=\"vc_row wpb_row vc_row-fluid\"><div class=\"wpb_column vc_column_container vc_col-sm-12 sc_layouts_column_icons_position_left\"><div class=\"vc_column-inner\"><div class=\"wpb_wrapper\">\n\t<div class=\"wpb_text_column wpb_content_element\" >\n\t\t<div class=\"wpb_wrapper\">\n\t\t\t<h1>Legal Notice<\/h1>\n<h4>Angaben gem\u00e4\u00df \u00a7 5 DDG<\/h4>\n<p><strong>Gemeinschaftspraxis f\u00fcr Kinder- und Jugendpsychiatrie und -psychotherapie<\/strong><\/p>\n<p>Wilhelmsh\u00f6her Allee 122<br \/>\n34119 Kassel<\/p>\n<h4>Vertreten durch<\/h4>\n<p>Dr. Ulrike Berlin<br \/>\nDr. Eva Marie Nonn<\/p>\n<h4>Contact<\/h4>\n<p>Telefon: +49 (0) 561 57 63 21<br \/>\nTelefax: +49 (0) 561 92 19 32 0<br \/>\nE-Mail: <a href=\"mailto:praxis@kjpp-kirchweg.de\">praxis@kjpp-kirchweg.de<\/a><br \/>\nInternet: <a href=\"https:\/\/kjpp-kirchweg.de\/\" target=\"_blank\" rel=\"noopener noreferrer\">https:\/\/kjpp-kirchweg.de\/<\/a><\/p>\n<p>Terminvereinbarungen sind ausschlie\u00dflich telefonisch m\u00f6glich.<\/p>\n<h4>Zust\u00e4ndige Aufsichtsbeh\u00f6rde<\/h4>\n<p>Kassen\u00e4rztliche Vereinigung Hessen<br \/>\nGeorg-Voigt-Stra\u00dfe 15<br \/>\n60325 Frankfurt am Main<\/p>\n<h4>Zust\u00e4ndige Kammer<\/h4>\n<p>Landes\u00e4rztekammer Hessen<br \/>\nHanauer Landstra\u00dfe 152<br \/>\n60314 Frankfurt am Main<\/p>\n<h4>Berufsbezeichnung und berufsrechtliche Regelungen<\/h4>\n<p>Berufsbezeichnung: Arzt \/ Facharzt f\u00fcr Kinder- und Jugendpsychiatrie und -psychotherapie<br \/>\nVerliehen in der Bundesrepublik Deutschland<\/p>\n<p>Es gelten die berufsrechtlichen Regelungen der Landes\u00e4rztekammer Hessen, insbesondere die Berufsordnung f\u00fcr \u00c4rztinnen und \u00c4rzte in Hessen.<\/p>\n<h4>Kassen\u00e4rztliche Vereinigung<\/h4>\n<p>Kassen\u00e4rztliche Vereinigung Hessen<br \/>\nGeorg-Voigt-Stra\u00dfe 15<br \/>\n60325 Frankfurt am Main<br \/>\n<a href=\"https:\/\/www.kvhessen.de\/\" target=\"_blank\" rel=\"noopener noreferrer\">www.kvhessen.de<\/a><\/p>\n<h4>Berufshaftpflichtversicherung<\/h4>\n<p>Es besteht eine gesetzlich vorgeschriebene Berufshaftpflichtversicherung.<br \/>\nGeltungsraum: Deutschland<\/p>\n<h4>Verbraucherstreitbeilegung gem\u00e4\u00df \u00a7 36 VSBG<\/h4>\n<p>Wir sind nicht bereit und nicht verpflichtet, an Streitbeilegungsverfahren vor einer Verbraucherschlichtungsstelle teilzunehmen.<\/p>\n<h4>Haftung f\u00fcr Inhalte<\/h4>\n<p>Als Diensteanbieter sind wir nach den allgemeinen gesetzlichen Vorschriften f\u00fcr die eigenen Inhalte auf dieser Website verantwortlich.<br \/>\nTrotz sorgf\u00e4ltiger inhaltlicher Kontrolle \u00fcbernehmen wir jedoch keine Gew\u00e4hr f\u00fcr die Aktualit\u00e4t, Vollst\u00e4ndigkeit und Richtigkeit s\u00e4mtlicher bereitgestellter Inhalte.<\/p>\n<h4>Haftung f\u00fcr externe Links<\/h4>\n<p>Diese Website enth\u00e4lt Verlinkungen zu externen Websites Dritter, auf deren Inhalte wir keinen Einfluss haben.<br \/>\nDeshalb k\u00f6nnen wir f\u00fcr diese fremden Inhalte keine Gew\u00e4hr \u00fcbernehmen. F\u00fcr die Inhalte der verlinkten Seiten ist stets der jeweilige Anbieter oder Betreiber der Seiten verantwortlich.<br \/>\nBei Bekanntwerden von Rechtsverletzungen werden derartige Links selbstverst\u00e4ndlich unverz\u00fcglich entfernt.<\/p>\n<h4>Urheberrecht<\/h4>\n<p>Die auf dieser Website ver\u00f6ffentlichten Inhalte und Werke, insbesondere Texte, Bilder, Fotografien, Grafiken und Videos, unterliegen in der Regel dem Urheberrecht.<br \/>\nJede Verwertung au\u00dferhalb der Grenzen des Urheberrechts bedarf der vorherigen schriftlichen Zustimmung des jeweiligen Rechteinhabers.<\/p>\n<p>Sofern Inhalte auf dieser Website nicht von uns selbst erstellt wurden, werden die Urheberrechte Dritter beachtet und entsprechende Inhalte als solche gekennzeichnet.<br \/>\nSollten Sie dennoch auf eine m\u00f6gliche Urheberrechtsverletzung aufmerksam werden, bitten wir um einen entsprechenden Hinweis.<br \/>\nBei Bekanntwerden von Rechtsverletzungen werden wir die betreffenden Inhalte umgehend entfernen.<\/p>\n\n\t\t<\/div>\n\t<\/div>\n<\/div><\/div><\/div><\/div>\n<\/div>","protected":false},"excerpt":{"rendered":"Impressum Angaben gem\u00e4\u00df \u00a7 5 DDG Gemeinschaftspraxis f\u00fcr Kinder- und Jugendpsychiatrie und -psychotherapie Wilhelmsh\u00f6her Allee 122 34119 Kassel Vertreten durch Dr. Ulrike Berlin Dr. Eva Marie Nonn Kontakt Telefon: +49 (0) 561 57 63 21 Telefax: +49 (0) 561 92&hellip;","protected":false},"author":1,"featured_media":0,"parent":0,"menu_order":0,"comment_status":"closed","ping_status":"closed","template":"","meta":{"footnotes":""},"class_list":["post-1545","page","type-page","status-publish","hentry"],"_links":{"self":[{"href":"https:\/\/kjpp-kirchweg.de\/en\/wp-json\/wp\/v2\/pages\/1545","targetHints":{"allow":["GET"]}}],"collection":[{"href":"https:\/\/kjpp-kirchweg.de\/en\/wp-json\/wp\/v2\/pages"}],"about":[{"href":"https:\/\/kjpp-kirchweg.de\/en\/wp-json\/wp\/v2\/types\/page"}],"author":[{"embeddable":true,"href":"https:\/\/kjpp-kirchweg.de\/en\/wp-json\/wp\/v2\/users\/1"}],"replies":[{"embeddable":true,"href":"https:\/\/kjpp-kirchweg.de\/en\/wp-json\/wp\/v2\/comments?post=1545"}],"version-history":[{"count":10,"href":"https:\/\/kjpp-kirchweg.de\/en\/wp-json\/wp\/v2\/pages\/1545\/revisions"}],"predecessor-version":[{"id":1656,"href":"https:\/\/kjpp-kirchweg.de\/en\/wp-json\/wp\/v2\/pages\/1545\/revisions\/1656"}],"wp:attachment":[{"href":"https:\/\/kjpp-kirchweg.de\/en\/wp-json\/wp\/v2\/media?parent=1545"}],"curies":[{"name":"wp","href":"https:\/\/api.w.org\/{rel}","templated":true}]}}